{"id":1166,"date":"2026-01-18T15:10:06","date_gmt":"2026-01-18T15:10:06","guid":{"rendered":"https:\/\/kartevoirtas.info\/?page_id=1166"},"modified":"2026-01-18T15:33:27","modified_gmt":"2026-01-18T15:33:27","slug":"kartevoirtas-magyarorszag-eger-patkany-csotany-haccp-gdpr","status":"publish","type":"page","link":"https:\/\/kartevoirtas.info\/index.php\/kartevoirtas-magyarorszag-eger-patkany-csotany-haccp-gdpr\/","title":{"rendered":"K\u00c1RTEV\u0150IRT\u00c1S MAGYARORSZ\u00c1G EG\u00c9R PATK\u00c1NY CS\u00d3T\u00c1NY HACCP GDPR"},"content":{"rendered":"<p>[et_pb_section fb_built=&#8221;1&#8243; admin_label=&#8221;Header&#8221; _builder_version=&#8221;4.16&#8243; _module_preset=&#8221;default&#8221; use_background_color_gradient=&#8221;on&#8221; background_color_gradient_direction=&#8221;-45deg&#8221; background_color_gradient_stops=&#8221;#15bb6c 10%|#ffffff 10%&#8221; background_color_gradient_start=&#8221;#15bb6c&#8221; background_color_gradient_start_position=&#8221;10%&#8221; background_color_gradient_end=&#8221;#ffffff&#8221; background_color_gradient_end_position=&#8221;0%&#8221; background_image=&#8221;https:\/\/kartevoirtas.info\/wp-content\/uploads\/2023\/07\/pest-control-32.png&#8221; background_size=&#8221;initial&#8221; background_position=&#8221;center_left&#8221; overflow-x=&#8221;hidden&#8221; overflow-y=&#8221;hidden&#8221; custom_padding=&#8221;0px||60px||false|false&#8221; global_colors_info=&#8221;{}&#8221;][et_pb_row column_structure=&#8221;1_2,1_2&#8243; make_equal=&#8221;on&#8221; _builder_version=&#8221;4.16&#8243; _module_preset=&#8221;default&#8221; custom_padding=&#8221;0px||0px||true|false&#8221; global_colors_info=&#8221;{}&#8221;][et_pb_column type=&#8221;1_2&#8243; _builder_version=&#8221;4.16&#8243; _module_preset=&#8221;default&#8221; z_index=&#8221;10&#8243; custom_padding=&#8221;8vw||16vw||false|false&#8221; custom_padding_tablet=&#8221;60px||30px||false|false&#8221; custom_padding_phone=&#8221;40px||20px||false|false&#8221; custom_padding_last_edited=&#8221;on|phone&#8221; global_colors_info=&#8221;{}&#8221;][et_pb_text _builder_version=&#8221;4.21.0&#8243; _dynamic_attributes=&#8221;link_option_url&#8221; _module_preset=&#8221;b3e3ff14-5f5c-4608-8ecf-1885ce3da7aa&#8221; text_font_size=&#8221;12px&#8221; header_font=&#8221;Teko|700|||||||&#8221; header_text_color=&#8221;#000000&#8243; header_font_size=&#8221;100px&#8221; custom_margin=&#8221;|-50%|10px||false|false&#8221; custom_margin_tablet=&#8221;|0%|||false|false&#8221; custom_margin_phone=&#8221;&#8221; custom_margin_last_edited=&#8221;on|desktop&#8221; link_option_url=&#8221;@ET-DC@eyJkeW5hbWljIjp0cnVlLCJjb250ZW50IjoicG9zdF9saW5rX3VybF9wYWdlIiwic2V0dGluZ3MiOnsicG9zdF9pZCI6Ijc0NCJ9fQ==@&#8221; header_font_size_tablet=&#8221;56px&#8221; header_font_size_phone=&#8221;32px&#8221; header_font_size_last_edited=&#8221;on|phone&#8221; global_colors_info=&#8221;{}&#8221;]<\/p>\n<h1>K\u00e1rtev\u0151irt\u00e1s<\/h1>\n<p>[\/et_pb_text][et_pb_text _builder_version=&#8221;4.21.0&#8243; _module_preset=&#8221;5272019c-99d9-4e27-9232-9f96d210ee65&#8243; header_font=&#8221;||||||||&#8221; header_4_font=&#8221;Teko|700||on|||||&#8221; header_4_text_color=&#8221;#000000&#8243; header_4_letter_spacing=&#8221;2px&#8221; header_4_line_height=&#8221;1.4em&#8221; custom_margin=&#8221;||0px||false|false&#8221; header_font_size_tablet=&#8221;40px&#8221; header_font_size_phone=&#8221;24px&#8221; header_font_size_last_edited=&#8221;off|desktop&#8221; header_4_font_size_tablet=&#8221;16px&#8221; header_4_font_size_phone=&#8221;14px&#8221; header_4_font_size_last_edited=&#8221;on|phone&#8221; global_colors_info=&#8221;{}&#8221;]<\/p>\n<h4>H\u00edvj, seg\u00edt\u00fcnk<\/h4>\n<p>[\/et_pb_text][et_pb_text _builder_version=&#8221;4.21.0&#8243; _module_preset=&#8221;default&#8221; text_font=&#8221;Work Sans|900|||||||&#8221; text_text_color=&#8221;#000000&#8243; text_font_size=&#8221;42px&#8221; text_line_height=&#8221;1.2em&#8221; custom_margin=&#8221;|-50%|||false|false&#8221; custom_margin_tablet=&#8221;|0%|||false|false&#8221; custom_margin_phone=&#8221;&#8221; custom_margin_last_edited=&#8221;on|tablet&#8221; text_text_color_tablet=&#8221;#f57c00&#8243; text_text_color_phone=&#8221;&#8221; text_text_color_last_edited=&#8221;on|phone&#8221; text_font_size_tablet=&#8221;42px&#8221; text_font_size_phone=&#8221;24px&#8221; text_font_size_last_edited=&#8221;on|phone&#8221; global_colors_info=&#8221;{%22gcid-673606d1-acdb-41d1-b931-45c5d4c48493%22:%91%93,%22gcid-a34bf760-c058-4981-98bc-dfe055ae95bb%22:%91%93,%22gcid-8f88ab87-1c59-4750-87d0-b00e51f43738%22:%91%93}&#8221;]<\/p>\n<p>06 30 430 8797<\/p>\n<p>[\/et_pb_text][et_pb_button button_url=&#8221;@ET-DC@eyJkeW5hbWljIjp0cnVlLCJjb250ZW50IjoicG9zdF9saW5rX3VybF9wYWdlIiwic2V0dGluZ3MiOnsicG9zdF9pZCI6IjYxOCJ9fQ==@&#8221; url_new_window=&#8221;on&#8221; button_text=&#8221;VISSZAH\u00cdV\u00c1ST K\u00c9REK&#8221; button_alignment=&#8221;left&#8221; _builder_version=&#8221;4.21.0&#8243; _dynamic_attributes=&#8221;button_url&#8221; _module_preset=&#8221;0aa0cefe-f05a-415b-808d-79a88b6064a2&#8243; custom_button=&#8221;on&#8221; button_text_size=&#8221;14px&#8221; button_text_color=&#8221;#FFFFFF&#8221; button_bg_color=&#8221;#000000&#8243; button_border_width=&#8221;0px&#8221; button_border_radius=&#8221;10px&#8221; button_letter_spacing=&#8221;2px&#8221; button_font=&#8221;Work Sans|700||on|||||&#8221; button_icon=&#8221;&#x24;||divi||400&#8243; custom_padding=&#8221;13px|32px|13px|32px|true|true&#8221; global_module=&#8221;869&#8243; saved_tabs=&#8221;all&#8221; global_colors_info=&#8221;{}&#8221;][\/et_pb_button][\/et_pb_column][et_pb_column type=&#8221;1_2&#8243; _builder_version=&#8221;4.16&#8243; _module_preset=&#8221;default&#8221; global_colors_info=&#8221;{}&#8221;][et_pb_image src=&#8221;https:\/\/kartevoirtas.info\/wp-content\/uploads\/2023\/07\/pest-control-28.jpg&#8221; title_text=&#8221;pest-control-28&#8243; _builder_version=&#8221;4.16&#8243; _module_preset=&#8221;default&#8221; positioning=&#8221;absolute&#8221; position_origin_a=&#8221;bottom_right&#8221; position_origin_a_tablet=&#8221;&#8221; position_origin_a_phone=&#8221;&#8221; position_origin_a_last_edited=&#8221;on|tablet&#8221; position_origin_f_tablet=&#8221;&#8221; position_origin_f_phone=&#8221;&#8221; position_origin_f_last_edited=&#8221;on|tablet&#8221; position_origin_r_tablet=&#8221;&#8221; position_origin_r_phone=&#8221;&#8221; position_origin_r_last_edited=&#8221;on|tablet&#8221; custom_margin=&#8221;|-10vw|0px||false|false&#8221; custom_margin_tablet=&#8221;|0vw|0px||false|false&#8221; custom_margin_phone=&#8221;&#8221; custom_margin_last_edited=&#8221;on|tablet&#8221; positioning_tablet=&#8221;none&#8221; positioning_phone=&#8221;&#8221; positioning_last_edited=&#8221;on|tablet&#8221; locked=&#8221;off&#8221; global_colors_info=&#8221;{}&#8221;][\/et_pb_image][et_pb_divider show_divider=&#8221;off&#8221; _builder_version=&#8221;4.16&#8243; _module_preset=&#8221;default&#8221; background_color=&#8221;#f57c00&#8243; transform_skew=&#8221;45deg|0deg&#8221; transform_skew_linked=&#8221;off&#8221; transform_origin=&#8221;100%|80%&#8221; positioning=&#8221;absolute&#8221; position_origin_a=&#8221;top_right&#8221; position_origin_a_tablet=&#8221;bottom_right&#8221; position_origin_a_phone=&#8221;&#8221; position_origin_a_last_edited=&#8221;on|tablet&#8221; position_origin_f_tablet=&#8221;&#8221; position_origin_f_phone=&#8221;&#8221; position_origin_f_last_edited=&#8221;on|tablet&#8221; position_origin_r_tablet=&#8221;&#8221; position_origin_r_phone=&#8221;&#8221; position_origin_r_last_edited=&#8221;on|tablet&#8221; width=&#8221;180%&#8221; width_tablet=&#8221;650px&#8221; width_phone=&#8221;350px&#8221; width_last_edited=&#8221;on|phone&#8221; height=&#8221;100%&#8221; height_tablet=&#8221;1000px&#8221; height_phone=&#8221;1000px&#8221; height_last_edited=&#8221;on|phone&#8221; mix_blend_mode=&#8221;multiply&#8221; positioning_tablet=&#8221;&#8221; positioning_phone=&#8221;&#8221; positioning_last_edited=&#8221;on|tablet&#8221; mix_blend_mode_tablet=&#8221;normal&#8221; mix_blend_mode_phone=&#8221;&#8221; mix_blend_mode_last_edited=&#8221;on|phone&#8221; locked=&#8221;off&#8221; global_colors_info=&#8221;{%22gcid-8f88ab87-1c59-4750-87d0-b00e51f43738%22:%91%93,%22gcid-a34bf760-c058-4981-98bc-dfe055ae95bb%22:%91%93,%22gcid-673606d1-acdb-41d1-b931-45c5d4c48493%22:%91%93}&#8221;][\/et_pb_divider][\/et_pb_column][\/et_pb_row][et_pb_row custom_padding_last_edited=&#8221;on|phone&#8221; _builder_version=&#8221;4.27.4&#8243; _module_preset=&#8221;default&#8221; background_color=&#8221;#FFFFFF&#8221; z_index=&#8221;10&#8243; max_width=&#8221;1240px&#8221; custom_margin=&#8221;-10vw||||false|false&#8221; custom_padding=&#8221;60px|60px|60px|60px|true|true&#8221; custom_padding_tablet=&#8221;|40px||40px|true|true&#8221; custom_padding_phone=&#8221;|30px||30px|true|true&#8221; border_radii=&#8221;on|10px|10px|10px|10px&#8221; box_shadow_style=&#8221;preset3&#8243; box_shadow_vertical=&#8221;23px&#8221; box_shadow_blur=&#8221;70px&#8221; box_shadow_spread=&#8221;-20px&#8221; box_shadow_color=&#8221;rgba(0,0,0,0.12)&#8221; locked=&#8221;off&#8221; global_colors_info=&#8221;{}&#8221;][et_pb_column type=&#8221;4_4&#8243; _builder_version=&#8221;4.16&#8243; _module_preset=&#8221;default&#8221; global_colors_info=&#8221;{}&#8221;][et_pb_text _builder_version=&#8221;4.27.4&#8243; _module_preset=&#8221;default&#8221; global_colors_info=&#8221;{}&#8221;]<\/p>\n<p><strong>ADATKEZEL\u00c9SI T\u00c1J\u00c9KOZTAT\u00d3<\/strong><\/p>\n<p><strong>PESTOP OFFICE Kft. \u2013 K\u00e1rtev\u0151irt\u00e1si Szolg\u00e1ltat\u00e1sok<\/strong><\/p>\n<p>Ez a t\u00e1j\u00e9koztat\u00f3 \u00f6sszefoglalja, hogyan kezelj\u00fck az \u00d6n szem\u00e9lyes adatait a szolg\u00e1ltat\u00e1sunk megrendel\u00e9se \u00e9s teljes\u00edt\u00e9se sor\u00e1n, \u00f6sszhangban az Eur\u00f3pai Uni\u00f3 \u00c1ltal\u00e1nos Adatv\u00e9delmi Rendelet\u00e9vel (GDPR).<\/p>\n<ol>\n<li><strong> Az Adatkezel\u0151 adatai<\/strong><\/li>\n<\/ol>\n<ul>\n<li><strong>N\u00e9v:<\/strong> PESTOP OFFICE Kft.<\/li>\n<li><strong>Sz\u00e9khely:<\/strong> 1064 Budapest, Podmaniczky u. 57. II\/14.<\/li>\n<li><strong>C\u00e9gjegyz\u00e9ksz\u00e1m:<\/strong> 01-09-987412<\/li>\n<li><strong>Ad\u00f3sz\u00e1m:<\/strong> 23977451-2-42<\/li>\n<li><strong>E-mail:<\/strong> pestopoffice@gmail.com<\/li>\n<li><strong>Telefonsz\u00e1m:<\/strong> +36 30 430 8797<\/li>\n<\/ul>\n<ol start=\"2\">\n<li><strong> A kezelt adatok k\u00f6re, c\u00e9lja \u00e9s jogalapja<\/strong><\/li>\n<\/ol>\n<p>C\u00e9g\u00fcnk kiz\u00e1r\u00f3lag k\u00e1rtev\u0151irt\u00e1si szolg\u00e1ltat\u00e1st ny\u00fajt, kereskedelmi tev\u00e9kenys\u00e9get nem folytatunk. Csak a szolg\u00e1ltat\u00e1s elv\u00e9gz\u00e9s\u00e9hez elengedhetetlen adatokat kezelj\u00fck:<\/p>\n<table>\n<thead>\n<tr>\n<td>\n<p><strong>Kezelt adat t\u00edpusa<\/strong><\/p>\n<\/td>\n<td>\n<p><strong>Adatkezel\u00e9s c\u00e9lja<\/strong><\/p>\n<\/td>\n<td>\n<p><strong>Jogalap<\/strong><\/p>\n<\/td>\n<\/tr>\n<\/thead>\n<tbody>\n<tr>\n<td>\n<p><strong>N\u00e9v \/ Kapcsolattart\u00f3 neve<\/strong><\/p>\n<\/td>\n<td>\n<p>Azonos\u00edt\u00e1s, szakmai egyeztet\u00e9s.<\/p>\n<\/td>\n<td>\n<p>Szerz\u0151d\u00e9s teljes\u00edt\u00e9se<\/p>\n<\/td>\n<\/tr>\n<tr>\n<td>\n<p><strong>Helysz\u00edn pontos c\u00edme<\/strong><\/p>\n<\/td>\n<td>\n<p>A k\u00e1rtev\u0151irt\u00e1s elv\u00e9gz\u00e9s\u00e9nek helysz\u00edne.<\/p>\n<\/td>\n<td>\n<p>Szerz\u0151d\u00e9s teljes\u00edt\u00e9se<\/p>\n<\/td>\n<\/tr>\n<tr>\n<td>\n<p><strong>Telefonsz\u00e1m \/ E-mail<\/strong><\/p>\n<\/td>\n<td>\n<p>Id\u0151pontegyeztet\u00e9s, szakmai t\u00e1j\u00e9koztat\u00e1s.<\/p>\n<\/td>\n<td>\n<p>Jogos \u00e9rdek \/ Szerz\u0151d\u00e9s<\/p>\n<\/td>\n<\/tr>\n<tr>\n<td>\n<p><strong>Sz\u00e1ml\u00e1z\u00e1si adatok<\/strong><\/p>\n<\/td>\n<td>\n<p>A szolg\u00e1ltat\u00e1s ellen\u00e9rt\u00e9k\u00e9nek kisz\u00e1ml\u00e1z\u00e1sa.<\/p>\n<\/td>\n<td>\n<p>Jogi k\u00f6telezetts\u00e9g<\/p>\n<\/td>\n<\/tr>\n<\/tbody>\n<\/table>\n<ol start=\"3\">\n<li><strong> Az adatkezel\u00e9s id\u0151tartama<\/strong><\/li>\n<\/ol>\n<ul>\n<li><strong>Kapcsolatfelv\u00e9tel eset\u00e9n:<\/strong> Amennyiben a megkeres\u00e9st nem k\u00f6veti megrendel\u00e9s, az adatokat legfeljebb 1 \u00e9ven bel\u00fcl t\u00f6r\u00f6lj\u00fck.<\/li>\n<li><strong>Szerz\u0151d\u00e9ses jogviszony eset\u00e9n:<\/strong> A sz\u00e1mviteli k\u00f6telezetts\u00e9gek (sz\u00e1ml\u00e1z\u00e1s) miatt a bizonylatokat \u00e9s a rajtuk szerepl\u0151 adatokat legal\u00e1bb 8 \u00e9vig meg\u0151rizz\u00fck.<\/li>\n<\/ul>\n<ol start=\"4\">\n<li><strong> Adatfeldolgoz\u00f3k \u00e9s adattov\u00e1bb\u00edt\u00e1s<\/strong><\/li>\n<\/ol>\n<p>Az \u00d6n adatait harmadik f\u00e9lnek marketing c\u00e9lb\u00f3l nem adjuk \u00e1t. Az adatokhoz kiz\u00e1r\u00f3lag a PESTOP OFFICE Kft. munkat\u00e1rsai, valamint a feladatuk ell\u00e1t\u00e1s\u00e1hoz sz\u00fcks\u00e9ges m\u00e9rt\u00e9kben az al\u00e1bbi adatfeldolgoz\u00f3k f\u00e9rhetnek hozz\u00e1:<\/p>\n<ul>\n<li><strong>K\u00f6nyvel\u00e9s:<\/strong> SHS Kft, aki a sz\u00e1ml\u00e1z\u00e1si adatokat kezeli.<\/li>\n<li><strong>T\u00e1rhelyszolg\u00e1ltat\u00f3:<\/strong> Rackhost Zrt, aki az informatikai h\u00e1tteret biztos\u00edtja.<\/li>\n<\/ul>\n<ol start=\"5\">\n<li><strong> Adatbiztons\u00e1g<\/strong><\/li>\n<\/ol>\n<p>Megtesz\u00fcnk minden sz\u00fcks\u00e9ges technikai \u00e9s szervez\u00e9si int\u00e9zked\u00e9st, hogy az adatokat megv\u00e9dj\u00fck a jogosulatlan hozz\u00e1f\u00e9r\u00e9st\u0151l. A digit\u00e1lisan t\u00e1rolt adatokat jelsz\u00f3val v\u00e9dj\u00fck, a pap\u00edr alap\u00fa munkalapokat \u00e9s sz\u00e1ml\u00e1kat elz\u00e1rt helyen t\u00e1roljuk.<\/p>\n<ol start=\"6\">\n<li><strong> Az \u00d6n jogai<\/strong><\/li>\n<\/ol>\n<p>\u00d6nnek joga van t\u00e1j\u00e9koztat\u00e1st k\u00e9rni adatai kezel\u00e9s\u00e9r\u0151l, k\u00e9rheti azok helyesb\u00edt\u00e9s\u00e9t, vagy \u2013 a t\u00f6rv\u00e9nyi k\u00f6telezetts\u00e9gek (pl. sz\u00e1ml\u00e1z\u00e1s) keretein bel\u00fcl \u2013 azok t\u00f6rl\u00e9s\u00e9t.<\/p>\n<ol start=\"7\">\n<li><strong> Jogorvoslat<\/strong><\/li>\n<\/ol>\n<p>B\u00e1rmilyen adatkezel\u00e9ssel kapcsolatos k\u00e9rd\u00e9sben \u00e1llunk rendelkez\u00e9s\u00e9re a fenti el\u00e9rhet\u0151s\u00e9geinken. Amennyiben \u00fagy \u00e9rzi, jogai s\u00e9r\u00fcltek, panaszt tehet a hat\u00f3s\u00e1gn\u00e1l:<\/p>\n<p><strong>Nemzeti Adatv\u00e9delmi \u00e9s Inform\u00e1ci\u00f3szabads\u00e1g Hat\u00f3s\u00e1g (NAIH)<\/strong><\/p>\n<ul>\n<li>C\u00edm: 1055 Budapest, Falk Miksa utca 9-11.<\/li>\n<li>Honlap: www.naih.hu<\/li>\n<\/ul>\n<p><strong>Kelt:<\/strong> Budapest, 2026.01.01.<\/p>\n<p>&nbsp;<\/p>\n<p>[\/et_pb_text][\/et_pb_column][\/et_pb_row][\/et_pb_section][et_pb_section fb_built=&#8221;1&#8243; admin_label=&#8221;Footer&#8221; _builder_version=&#8221;4.16&#8243; _module_preset=&#8221;default&#8221; background_color=&#8221;#000000&#8243; locked=&#8221;off&#8221; global_colors_info=&#8221;{%22gcid-673606d1-acdb-41d1-b931-45c5d4c48493%22:%91%93,%22gcid-a34bf760-c058-4981-98bc-dfe055ae95bb%22:%91%93,%22gcid-8f88ab87-1c59-4750-87d0-b00e51f43738%22:%91%93}&#8221;][et_pb_row column_structure=&#8221;1_3,1_3,1_3&#8243; _builder_version=&#8221;4.16&#8243; _module_preset=&#8221;default&#8221; global_colors_info=&#8221;{}&#8221;][et_pb_column type=&#8221;1_3&#8243; _builder_version=&#8221;4.16&#8243; _module_preset=&#8221;default&#8221; global_colors_info=&#8221;{}&#8221;][et_pb_text _builder_version=&#8221;4.24.2&#8243; _dynamic_attributes=&#8221;link_option_url&#8221; _module_preset=&#8221;94303537-339d-484d-8204-fdaf972d663a&#8221; header_font=&#8221;||||||||&#8221; header_3_font=&#8221;Teko|700|||||||&#8221; header_3_text_color=&#8221;#FFFFFF&#8221; header_3_font_size=&#8221;28px&#8221; custom_margin=&#8221;||10px||false|false&#8221; link_option_url=&#8221;@ET-DC@eyJkeW5hbWljIjp0cnVlLCJjb250ZW50IjoicG9zdF9saW5rX3VybF9wYWdlIiwic2V0dGluZ3MiOnsicG9zdF9pZCI6Ijc0NCJ9fQ==@&#8221; header_3_font_size_tablet=&#8221;20px&#8221; header_3_font_size_phone=&#8221;16px&#8221; header_3_font_size_last_edited=&#8221;on|desktop&#8221; global_colors_info=&#8221;{}&#8221;]<\/p>\n<h3>www.k\u00e1rtev\u0151irt\u00e1s.info<\/h3>\n<p>[\/et_pb_text][et_pb_text _builder_version=&#8221;4.21.0&#8243; _module_preset=&#8221;da86b6f0-f83c-4c7c-bdd8-3019777ddffe&#8221; text_font=&#8221;Work Sans||||||||&#8221; text_font_size=&#8221;16px&#8221; text_line_height=&#8221;1.8em&#8221; background_layout=&#8221;dark&#8221; text_font_size_tablet=&#8221;15px&#8221; text_font_size_phone=&#8221;14px&#8221; text_font_size_last_edited=&#8221;on|desktop&#8221; global_colors_info=&#8221;{}&#8221;]<\/p>\n<p>L\u00e9pj Kapcsolatba vel\u00fcnk<br \/>Telefon: 06 30 430 8797<br \/>E-mail: info@kartevoirtas.info Facebook: http:\/\/www.facebook.com\/TAKKTV<\/p>\n<p>[\/et_pb_text][et_pb_social_media_follow icon_color=&#8221;#FFFFFF&#8221; _builder_version=&#8221;4.21.0&#8243; _module_preset=&#8221;default&#8221; global_colors_info=&#8221;{}&#8221;][et_pb_social_media_follow_network social_network=&#8221;facebook&#8221; url=&#8221;http:\/\/www.facebook.com\/TAKKTV&#8221; _builder_version=&#8221;4.21.0&#8243; _module_preset=&#8221;default&#8221; background_enable_color=&#8221;off&#8221; global_colors_info=&#8221;{}&#8221; follow_button=&#8221;off&#8221; url_new_window=&#8221;on&#8221;]facebook[\/et_pb_social_media_follow_network][et_pb_social_media_follow_network social_network=&#8221;twitter&#8221; url=&#8221;@ET-DC@eyJkeW5hbWljIjp0cnVlLCJjb250ZW50IjoicG9zdF9saW5rX3VybF9wYWdlIiwic2V0dGluZ3MiOnsicG9zdF9pZCI6IjEwMzgifX0=@&#8221; _builder_version=&#8221;4.21.0&#8243; _dynamic_attributes=&#8221;url&#8221; _module_preset=&#8221;default&#8221; background_enable_color=&#8221;off&#8221; global_colors_info=&#8221;{}&#8221; follow_button=&#8221;off&#8221; url_new_window=&#8221;on&#8221;]twitter[\/et_pb_social_media_follow_network][et_pb_social_media_follow_network social_network=&#8221;linkedin&#8221; url=&#8221;http:\/\/www.facebook.com\/TAKKTV&#8221; _builder_version=&#8221;4.21.0&#8243; _module_preset=&#8221;default&#8221; background_enable_color=&#8221;off&#8221; global_colors_info=&#8221;{}&#8221; follow_button=&#8221;off&#8221; url_new_window=&#8221;on&#8221;]linkedin[\/et_pb_social_media_follow_network][\/et_pb_social_media_follow][\/et_pb_column][et_pb_column type=&#8221;1_3&#8243; _builder_version=&#8221;4.16&#8243; _module_preset=&#8221;default&#8221; global_colors_info=&#8221;{}&#8221;][et_pb_text _builder_version=&#8221;4.24.2&#8243; _module_preset=&#8221;9bdfd50c-7d8e-469b-80e5-0a12aace3d29&#8243; header_font=&#8221;||||||||&#8221; header_4_font=&#8221;Teko|700|||||||&#8221; header_4_text_color=&#8221;#FFFFFF&#8221; header_4_font_size=&#8221;22px&#8221; header_4_line_height=&#8221;1.2em&#8221; custom_margin=&#8221;||0px||false|false&#8221; custom_margin_last_edited=&#8221;off|tablet&#8221; header_4_font_size_tablet=&#8221;16px&#8221; header_4_font_size_phone=&#8221;14px&#8221; header_4_font_size_last_edited=&#8221;on|tablet&#8221; global_colors_info=&#8221;{}&#8221;]<\/p>\n<h4>Inform\u00e1ci\u00f3k<\/h4>\n<p>[\/et_pb_text][et_pb_text _builder_version=&#8221;4.27.4&#8243; _module_preset=&#8221;da86b6f0-f83c-4c7c-bdd8-3019777ddffe&#8221; text_font=&#8221;Work Sans||||||||&#8221; text_font_size=&#8221;16px&#8221; text_line_height=&#8221;2em&#8221; link_text_color=&#8221;#FFFFFF&#8221; hover_enabled=&#8221;0&#8243; text_font_size_tablet=&#8221;15px&#8221; text_font_size_phone=&#8221;14px&#8221; text_font_size_last_edited=&#8221;on|desktop&#8221; global_colors_info=&#8221;{}&#8221; sticky_enabled=&#8221;0&#8243;]<\/p>\n<p><a href=\"https:\/\/irtotrio.hu\/biztonsagi-adatlapok\/\" target=\"_blank\" rel=\"noopener\">Biztons\u00e1gi Adatlapok<\/a><br \/><a href=\"#\">GDPR<\/a><br \/><a href=\"#\">ASZF<\/a><br \/><a href=\"#\">Impressum<\/a><\/p>\n<p>[\/et_pb_text][\/et_pb_column][et_pb_column type=&#8221;1_3&#8243; _builder_version=&#8221;4.16&#8243; _module_preset=&#8221;default&#8221; global_colors_info=&#8221;{}&#8221;][et_pb_image src=&#8221;https:\/\/kartevoirtas.info\/wp-content\/uploads\/2023\/07\/20230305-PO-ARCULAT-LOGO-ALAP-ELEM-0-KTV-LOGO-102-NARANCS-FEKETE-HATTER.jpg&#8221; title_text=&#8221;20230305 &#8211; PO &#8211; ARCULAT LOGO ALAP ELEM &#8211; 0 KTV LOGO 102 NARANCS FEKETE HATTER&#8221; url=&#8221;https:\/\/kartevoirtas.info\/index.php\/kartevoirtas-magyarorszag-eger-patkany-csotany-haccp-lp-etterem-bolt-2\/&#8221; url_new_window=&#8221;on&#8221; _builder_version=&#8221;4.24.2&#8243; _module_preset=&#8221;default&#8221; global_colors_info=&#8221;{}&#8221;][\/et_pb_image][\/et_pb_column][\/et_pb_row][\/et_pb_section]<\/p>\n","protected":false},"excerpt":{"rendered":"<p>K\u00e1rtev\u0151irt\u00e1sH\u00edvj, seg\u00edt\u00fcnk06 30 430 8797ADATKEZEL\u00c9SI T\u00c1J\u00c9KOZTAT\u00d3 PESTOP OFFICE Kft. \u2013 K\u00e1rtev\u0151irt\u00e1si Szolg\u00e1ltat\u00e1sok Ez a t\u00e1j\u00e9koztat\u00f3 \u00f6sszefoglalja, hogyan kezelj\u00fck az \u00d6n szem\u00e9lyes adatait a szolg\u00e1ltat\u00e1sunk megrendel\u00e9se \u00e9s teljes\u00edt\u00e9se sor\u00e1n, \u00f6sszhangban az Eur\u00f3pai Uni\u00f3 \u00c1ltal\u00e1nos Adatv\u00e9delmi Rendelet\u00e9vel (GDPR). Az Adatkezel\u0151 adatai N\u00e9v: PESTOP OFFICE Kft. Sz\u00e9khely: 1064 Budapest, Podmaniczky u. 57. II\/14. C\u00e9gjegyz\u00e9ksz\u00e1m: 01-09-987412 Ad\u00f3sz\u00e1m: 23977451-2-42 E-mail: [&hellip;]<\/p>\n","protected":false},"author":1,"featured_media":0,"parent":0,"menu_order":0,"comment_status":"closed","ping_status":"closed","template":"","meta":{"_et_pb_use_builder":"on","_et_pb_old_content":"","_et_gb_content_width":"","_monsterinsights_skip_tracking":false,"_monsterinsights_sitenote_active":false,"_monsterinsights_sitenote_note":"","_monsterinsights_sitenote_category":0,"footnotes":""},"class_list":["post-1166","page","type-page","status-publish","hentry"],"aioseo_notices":[],"_links":{"self":[{"href":"https:\/\/kartevoirtas.info\/index.php\/wp-json\/wp\/v2\/pages\/1166","targetHints":{"allow":["GET"]}}],"collection":[{"href":"https:\/\/kartevoirtas.info\/index.php\/wp-json\/wp\/v2\/pages"}],"about":[{"href":"https:\/\/kartevoirtas.info\/index.php\/wp-json\/wp\/v2\/types\/page"}],"author":[{"embeddable":true,"href":"https:\/\/kartevoirtas.info\/index.php\/wp-json\/wp\/v2\/users\/1"}],"replies":[{"embeddable":true,"href":"https:\/\/kartevoirtas.info\/index.php\/wp-json\/wp\/v2\/comments?post=1166"}],"version-history":[{"count":4,"href":"https:\/\/kartevoirtas.info\/index.php\/wp-json\/wp\/v2\/pages\/1166\/revisions"}],"predecessor-version":[{"id":1172,"href":"https:\/\/kartevoirtas.info\/index.php\/wp-json\/wp\/v2\/pages\/1166\/revisions\/1172"}],"wp:attachment":[{"href":"https:\/\/kartevoirtas.info\/index.php\/wp-json\/wp\/v2\/media?parent=1166"}],"curies":[{"name":"wp","href":"https:\/\/api.w.org\/{rel}","templated":true}]}}